{"id":34,"date":"2023-02-12T19:57:08","date_gmt":"2023-02-12T19:57:08","guid":{"rendered":"https:\/\/test.carlosleiro.com\/?page_id=34"},"modified":"2025-04-13T20:11:52","modified_gmt":"2025-04-13T20:11:52","slug":"negocios-familiares","status":"publish","type":"page","link":"https:\/\/test.carlosleiro.com\/index.php\/negocios-familiares\/","title":{"rendered":"Negocios Familiares"},"content":{"rendered":"\t\t<div data-elementor-type=\"wp-page\" data-elementor-id=\"34\" class=\"elementor elementor-34\" data-elementor-post-type=\"page\">\n\t\t\t\t<header class=\"elementor-element elementor-element-bb9409b e-con-full e-flex e-con e-parent\" data-id=\"bb9409b\" data-element_type=\"container\" data-settings=\"{&quot;background_background&quot;:&quot;classic&quot;,&quot;sticky&quot;:&quot;top&quot;,&quot;sticky_on&quot;:[&quot;desktop&quot;,&quot;tablet&quot;,&quot;mobile&quot;],&quot;sticky_offset&quot;:0,&quot;sticky_effects_offset&quot;:0,&quot;sticky_anchor_link_offset&quot;:0}\">\n\t\t<div class=\"elementor-element elementor-element-ec73130 e-con-full e-flex e-con e-child\" data-id=\"ec73130\" data-element_type=\"container\">\n\t\t\t\t<div class=\"elementor-element elementor-element-25c7a4e elementor-widget elementor-widget-theme-site-logo elementor-widget-image\" data-id=\"25c7a4e\" data-element_type=\"widget\" data-widget_type=\"theme-site-logo.default\">\n\t\t\t\t<div class=\"elementor-widget-container\">\n\t\t\t\t\t\t\t\t\t\t\t<a href=\"https:\/\/test.carlosleiro.com\">\n\t\t\t<img decoding=\"async\" width=\"300\" height=\"75\" src=\"https:\/\/test.carlosleiro.com\/wp-content\/uploads\/2023\/02\/Diapositiva1-removebg-preview-1-300x75.png\" class=\"attachment-medium size-medium wp-image-25\" alt=\"\" srcset=\"https:\/\/test.carlosleiro.com\/wp-content\/uploads\/2023\/02\/Diapositiva1-removebg-preview-1-300x75.png 300w, https:\/\/test.carlosleiro.com\/wp-content\/uploads\/2023\/02\/Diapositiva1-removebg-preview-1-230x57.png 230w, https:\/\/test.carlosleiro.com\/wp-content\/uploads\/2023\/02\/Diapositiva1-removebg-preview-1-350x87.png 350w, https:\/\/test.carlosleiro.com\/wp-content\/uploads\/2023\/02\/Diapositiva1-removebg-preview-1-480x120.png 480w, https:\/\/test.carlosleiro.com\/wp-content\/uploads\/2023\/02\/Diapositiva1-removebg-preview-1.png 666w\" sizes=\"(max-width: 300px) 100vw, 300px\" \/>\t\t\t\t<\/a>\n\t\t\t\t\t\t\t\t\t\t\t<\/div>\n\t\t\t\t<\/div>\n\t\t\t\t<\/div>\n\t\t<div class=\"elementor-element elementor-element-259841d e-con-full e-flex e-con e-child\" data-id=\"259841d\" data-element_type=\"container\">\n\t\t\t\t<div class=\"elementor-element elementor-element-7c01acf elementor-nav-menu__align-end elementor-nav-menu__text-align-center elementor-nav-menu--dropdown-tablet elementor-nav-menu--toggle elementor-nav-menu--burger elementor-widget elementor-widget-nav-menu\" data-id=\"7c01acf\" data-element_type=\"widget\" data-settings=\"{&quot;submenu_icon&quot;:{&quot;value&quot;:&quot;&lt;i class=\\&quot;fas fa-chevron-down\\&quot;&gt;&lt;\\\/i&gt;&quot;,&quot;library&quot;:&quot;fa-solid&quot;},&quot;layout&quot;:&quot;horizontal&quot;,&quot;toggle&quot;:&quot;burger&quot;}\" data-widget_type=\"nav-menu.default\">\n\t\t\t\t<div class=\"elementor-widget-container\">\n\t\t\t\t\t\t\t\t<nav aria-label=\"Menu\" class=\"elementor-nav-menu--main elementor-nav-menu__container elementor-nav-menu--layout-horizontal e--pointer-underline e--animation-drop-in\">\n\t\t\t\t<ul id=\"menu-1-7c01acf\" class=\"elementor-nav-menu\"><li class=\"menu-item menu-item-type-post_type menu-item-object-page menu-item-home menu-item-43 sydney-dropdown-li\"><a href=\"https:\/\/test.carlosleiro.com\/\" class=\"sydney-dropdown-link elementor-item\">Inicio<\/a><\/li>\n<li class=\"menu-item menu-item-type-post_type menu-item-object-page menu-item-458 sydney-dropdown-li\"><a href=\"https:\/\/test.carlosleiro.com\/index.php\/salud-mental\/\" class=\"sydney-dropdown-link elementor-item\">Salud Mental<\/a><\/li>\n<li class=\"menu-item menu-item-type-post_type menu-item-object-page menu-item-45 sydney-dropdown-li\"><a href=\"https:\/\/test.carlosleiro.com\/index.php\/reaccionar-o-responder\/\" class=\"sydney-dropdown-link elementor-item\">Reaccionar o Responder<\/a><\/li>\n<li class=\"menu-item menu-item-type-post_type menu-item-object-page menu-item-48 sydney-dropdown-li\"><a href=\"https:\/\/test.carlosleiro.com\/index.php\/negocios-familiares\/\" class=\"sydney-dropdown-link elementor-item\">Negocios Familiares<\/a><\/li>\n<li class=\"menu-item menu-item-type-post_type menu-item-object-page menu-item-46 sydney-dropdown-li\"><a href=\"https:\/\/test.carlosleiro.com\/index.php\/leiro-assessments\/\" class=\"sydney-dropdown-link elementor-item\">Leiro Assessments<\/a><\/li>\n<li class=\"menu-item menu-item-type-post_type menu-item-object-page menu-item-703 sydney-dropdown-li\"><a href=\"https:\/\/test.carlosleiro.com\/index.php\/articulos\/\" class=\"sydney-dropdown-link elementor-item\">Art\u00edculos<\/a><\/li>\n<\/ul>\t\t\t<\/nav>\n\t\t\t\t\t<div class=\"elementor-menu-toggle\" role=\"button\" tabindex=\"0\" aria-label=\"Menu Toggle\" aria-expanded=\"false\">\n\t\t\t<i aria-hidden=\"true\" role=\"presentation\" class=\"elementor-menu-toggle__icon--open eicon-menu-bar\"><\/i><i aria-hidden=\"true\" role=\"presentation\" class=\"elementor-menu-toggle__icon--close eicon-close\"><\/i>\t\t<\/div>\n\t\t\t\t\t<nav class=\"elementor-nav-menu--dropdown elementor-nav-menu__container\" aria-hidden=\"true\">\n\t\t\t\t<ul id=\"menu-2-7c01acf\" class=\"elementor-nav-menu\"><li class=\"menu-item menu-item-type-post_type menu-item-object-page menu-item-home menu-item-43 sydney-dropdown-li\"><a href=\"https:\/\/test.carlosleiro.com\/\" class=\"sydney-dropdown-link elementor-item\" tabindex=\"-1\">Inicio<\/a><\/li>\n<li class=\"menu-item menu-item-type-post_type menu-item-object-page menu-item-458 sydney-dropdown-li\"><a href=\"https:\/\/test.carlosleiro.com\/index.php\/salud-mental\/\" class=\"sydney-dropdown-link elementor-item\" tabindex=\"-1\">Salud Mental<\/a><\/li>\n<li class=\"menu-item menu-item-type-post_type menu-item-object-page menu-item-45 sydney-dropdown-li\"><a href=\"https:\/\/test.carlosleiro.com\/index.php\/reaccionar-o-responder\/\" class=\"sydney-dropdown-link elementor-item\" tabindex=\"-1\">Reaccionar o Responder<\/a><\/li>\n<li class=\"menu-item menu-item-type-post_type menu-item-object-page menu-item-48 sydney-dropdown-li\"><a href=\"https:\/\/test.carlosleiro.com\/index.php\/negocios-familiares\/\" class=\"sydney-dropdown-link elementor-item\" tabindex=\"-1\">Negocios Familiares<\/a><\/li>\n<li class=\"menu-item menu-item-type-post_type menu-item-object-page menu-item-46 sydney-dropdown-li\"><a href=\"https:\/\/test.carlosleiro.com\/index.php\/leiro-assessments\/\" class=\"sydney-dropdown-link elementor-item\" tabindex=\"-1\">Leiro Assessments<\/a><\/li>\n<li class=\"menu-item menu-item-type-post_type menu-item-object-page menu-item-703 sydney-dropdown-li\"><a href=\"https:\/\/test.carlosleiro.com\/index.php\/articulos\/\" class=\"sydney-dropdown-link elementor-item\" tabindex=\"-1\">Art\u00edculos<\/a><\/li>\n<\/ul>\t\t\t<\/nav>\n\t\t\t\t\t\t<\/div>\n\t\t\t\t<\/div>\n\t\t\t\t<\/div>\n\t\t<div class=\"elementor-element elementor-element-89ad93a e-con-full e-flex e-con e-child\" data-id=\"89ad93a\" data-element_type=\"container\">\n\t\t\t\t<div class=\"elementor-element elementor-element-52fa474 elementor-align-center elementor-widget elementor-widget-button\" data-id=\"52fa474\" data-element_type=\"widget\" data-widget_type=\"button.default\">\n\t\t\t\t<div class=\"elementor-widget-container\">\n\t\t\t\t\t\t\t\t\t<div class=\"elementor-button-wrapper\">\n\t\t\t\t\t<a class=\"elementor-button elementor-button-link elementor-size-md elementor-animation-float\" href=\"https:\/\/test.carlosleiro.com\/index.php\/contacto\/\">\n\t\t\t\t\t\t<span class=\"elementor-button-content-wrapper\">\n\t\t\t\t\t\t<span class=\"elementor-button-icon\">\n\t\t\t\t<i aria-hidden=\"true\" class=\"far fa-envelope\"><\/i>\t\t\t<\/span>\n\t\t\t\t\t\t\t\t\t<span class=\"elementor-button-text\">Cont\u00e1cto<\/span>\n\t\t\t\t\t<\/span>\n\t\t\t\t\t<\/a>\n\t\t\t\t<\/div>\n\t\t\t\t\t\t\t\t<\/div>\n\t\t\t\t<\/div>\n\t\t\t\t<\/div>\n\t\t\t\t<\/header>\n\t\t<div class=\"elementor-element elementor-element-2d32c23 e-flex e-con-boxed e-con e-parent\" data-id=\"2d32c23\" data-element_type=\"container\" data-settings=\"{&quot;background_background&quot;:&quot;classic&quot;}\">\n\t\t\t\t\t<div class=\"e-con-inner\">\n\t\t<div class=\"elementor-element elementor-element-0db479e e-con-full e-flex e-con e-child\" data-id=\"0db479e\" data-element_type=\"container\">\n\t\t\t\t<div class=\"elementor-element elementor-element-cd2f65d elementor-widget elementor-widget-heading\" data-id=\"cd2f65d\" data-element_type=\"widget\" data-widget_type=\"heading.default\">\n\t\t\t\t<div class=\"elementor-widget-container\">\n\t\t\t\t\t<h2 class=\"elementor-heading-title elementor-size-default\">Consultor\u00eda de Negocios Familiares<\/h2>\t\t\t\t<\/div>\n\t\t\t\t<\/div>\n\t\t\t\t<\/div>\n\t\t\t\t\t<\/div>\n\t\t\t\t<\/div>\n\t\t\t\t<section class=\"elementor-section elementor-top-section elementor-element elementor-element-7189581 elementor-section-height-min-height elementor-section-boxed elementor-section-height-default elementor-section-items-middle\" data-id=\"7189581\" data-element_type=\"section\">\n\t\t\t\t\t\t<div class=\"elementor-container elementor-column-gap-default\">\n\t\t\t\t\t<div class=\"elementor-column elementor-col-100 elementor-top-column elementor-element elementor-element-dabfecd\" data-id=\"dabfecd\" data-element_type=\"column\">\n\t\t\t<div class=\"elementor-widget-wrap elementor-element-populated\">\n\t\t\t\t\t\t<div class=\"elementor-element elementor-element-2e55329 elementor-widget elementor-widget-text-editor\" data-id=\"2e55329\" data-element_type=\"widget\" data-widget_type=\"text-editor.default\">\n\t\t\t\t<div class=\"elementor-widget-container\">\n\t\t\t\t\t\t\t\t\t<p>Desde hace m\u00e1s de 20 a\u00f1os trabajo con diversos GRUPOS EMPRESARIALES FAMILIARES de Panam\u00e1 y Centro Am\u00e9rica, ayud\u00e1ndolos a superar sus retos particulares y construir una historia com\u00fan que los aglutine y propulse hacia el futuro. Cada familia y cada empresa tienen su historia y su forma particular de resolver sus problemas. Mi trabajo es apoyar a grupos familiares empresariales a ordenar y hacer eficientes sus relaciones y su estrategia dentro y fuera de la empresa.<\/p>\t\t\t\t\t\t\t\t<\/div>\n\t\t\t\t<\/div>\n\t\t\t\t\t<\/div>\n\t\t<\/div>\n\t\t\t\t\t<\/div>\n\t\t<\/section>\n\t\t\t\t<section class=\"elementor-section elementor-top-section elementor-element elementor-element-78d04e3 elementor-section-full_width elementor-section-height-min-height elementor-section-content-middle elementor-section-height-default elementor-section-items-middle\" data-id=\"78d04e3\" data-element_type=\"section\" data-settings=\"{&quot;background_background&quot;:&quot;classic&quot;}\">\n\t\t\t\t\t\t<div class=\"elementor-container elementor-column-gap-narrow\">\n\t\t\t\t\t<div class=\"elementor-column elementor-col-100 elementor-top-column elementor-element elementor-element-bfdca18\" data-id=\"bfdca18\" data-element_type=\"column\">\n\t\t\t<div class=\"elementor-widget-wrap elementor-element-populated\">\n\t\t\t\t\t\t<div class=\"elementor-element elementor-element-85f2cae elementor-cta--skin-cover elementor-cta--valign-middle elementor-animated-content elementor-bg-transform elementor-bg-transform-zoom-in elementor-widget elementor-widget-call-to-action\" data-id=\"85f2cae\" data-element_type=\"widget\" data-widget_type=\"call-to-action.default\">\n\t\t\t\t<div class=\"elementor-widget-container\">\n\t\t\t\t\t\t\t<div class=\"elementor-cta\">\n\t\t\t\t\t<div class=\"elementor-cta__bg-wrapper\">\n\t\t\t\t<div class=\"elementor-cta__bg elementor-bg\" style=\"background-image: url();\" role=\"img\" aria-label=\"\"><\/div>\n\t\t\t\t<div class=\"elementor-cta__bg-overlay\"><\/div>\n\t\t\t<\/div>\n\t\t\t\t\t\t\t<div class=\"elementor-cta__content\">\n\t\t\t\t\n\t\t\t\t\t\t\t\t\t<h2 class=\"elementor-cta__title elementor-cta__content-item elementor-content-item elementor-animated-item--grow\">\n\t\t\t\t\t\tSolicite m\u00e1s informaci\u00f3n\t\t\t\t\t<\/h2>\n\t\t\t\t\n\t\t\t\t\n\t\t\t\t\t\t\t\t\t<div class=\"elementor-cta__button-wrapper elementor-cta__content-item elementor-content-item elementor-animated-item--grow\">\n\t\t\t\t\t<a class=\"elementor-cta__button elementor-button elementor-size-\" href=\"http:\/\/asistente@clinicatransiciones.com\">\n\t\t\t\t\t\tHaga clic y redacte un correo\t\t\t\t\t<\/a>\n\t\t\t\t\t<\/div>\n\t\t\t\t\t\t\t<\/div>\n\t\t\t\t\t\t<\/div>\n\t\t\t\t\t\t<\/div>\n\t\t\t\t<\/div>\n\t\t\t\t<div class=\"elementor-element elementor-element-c413d06 elementor-align-center elementor-widget elementor-widget-button\" data-id=\"c413d06\" data-element_type=\"widget\" data-widget_type=\"button.default\">\n\t\t\t\t<div class=\"elementor-widget-container\">\n\t\t\t\t\t\t\t\t\t<div class=\"elementor-button-wrapper\">\n\t\t\t\t\t<a class=\"elementor-button elementor-button-link elementor-size-lg elementor-animation-grow\" href=\"https:\/\/test.carlosleiro.com\/wp-content\/uploads\/2023\/11\/Consultoria-de-Negocios-Familiares-BROSHURE.pdf\" target=\"_blank\">\n\t\t\t\t\t\t<span class=\"elementor-button-content-wrapper\">\n\t\t\t\t\t\t<span class=\"elementor-button-icon\">\n\t\t\t\t<i aria-hidden=\"true\" class=\"fas fa-file-download\"><\/i>\t\t\t<\/span>\n\t\t\t\t\t\t\t\t\t<span class=\"elementor-button-text\">Descarga el Brochure <\/span>\n\t\t\t\t\t<\/span>\n\t\t\t\t\t<\/a>\n\t\t\t\t<\/div>\n\t\t\t\t\t\t\t\t<\/div>\n\t\t\t\t<\/div>\n\t\t\t\t\t<\/div>\n\t\t<\/div>\n\t\t\t\t\t<\/div>\n\t\t<\/section>\n\t\t\t\t<footer class=\"elementor-section elementor-top-section elementor-element elementor-element-5ba7279 elementor-section-height-min-height elementor-section-items-top elementor-section-content-top elementor-section-boxed elementor-section-height-default\" data-id=\"5ba7279\" data-element_type=\"section\" data-settings=\"{&quot;background_background&quot;:&quot;classic&quot;}\">\n\t\t\t\t\t\t<div class=\"elementor-container elementor-column-gap-wider\">\n\t\t\t\t\t<div class=\"elementor-column elementor-col-33 elementor-top-column elementor-element elementor-element-aac7afb\" data-id=\"aac7afb\" data-element_type=\"column\" data-settings=\"{&quot;background_background&quot;:&quot;classic&quot;}\">\n\t\t\t<div class=\"elementor-widget-wrap elementor-element-populated\">\n\t\t\t\t\t\t<div class=\"elementor-element elementor-element-b8504c9 elementor-widget elementor-widget-image\" data-id=\"b8504c9\" data-element_type=\"widget\" data-widget_type=\"image.default\">\n\t\t\t\t<div class=\"elementor-widget-container\">\n\t\t\t\t\t\t\t\t\t\t\t\t\t\t\t<img fetchpriority=\"high\" decoding=\"async\" width=\"666\" height=\"166\" src=\"https:\/\/test.carlosleiro.com\/wp-content\/uploads\/2023\/02\/Diapositiva1-removebg-preview-1.png\" class=\"attachment-medium_large size-medium_large wp-image-25\" alt=\"\" srcset=\"https:\/\/test.carlosleiro.com\/wp-content\/uploads\/2023\/02\/Diapositiva1-removebg-preview-1.png 666w, https:\/\/test.carlosleiro.com\/wp-content\/uploads\/2023\/02\/Diapositiva1-removebg-preview-1-300x75.png 300w, https:\/\/test.carlosleiro.com\/wp-content\/uploads\/2023\/02\/Diapositiva1-removebg-preview-1-230x57.png 230w, https:\/\/test.carlosleiro.com\/wp-content\/uploads\/2023\/02\/Diapositiva1-removebg-preview-1-350x87.png 350w, https:\/\/test.carlosleiro.com\/wp-content\/uploads\/2023\/02\/Diapositiva1-removebg-preview-1-480x120.png 480w\" sizes=\"(max-width: 666px) 100vw, 666px\" \/>\t\t\t\t\t\t\t\t\t\t\t\t\t\t\t<\/div>\n\t\t\t\t<\/div>\n\t\t\t\t<div class=\"elementor-element elementor-element-778056c elementor-widget elementor-widget-text-editor\" data-id=\"778056c\" data-element_type=\"widget\" data-widget_type=\"text-editor.default\">\n\t\t\t\t<div class=\"elementor-widget-container\">\n\t\t\t\t\t\t\t\t\t<p>Si tienes alguna duda o inquietud,\u00a0 no dudes en contactarme.<\/p><p><a href=\"mailto:contacto@test.carlosleiro.com\">contacto@test.carlosleiro.com<\/a><\/p>\t\t\t\t\t\t\t\t<\/div>\n\t\t\t\t<\/div>\n\t\t\t\t\t<\/div>\n\t\t<\/div>\n\t\t\t\t<div class=\"elementor-column elementor-col-33 elementor-top-column elementor-element elementor-element-97511cb\" data-id=\"97511cb\" data-element_type=\"column\" data-settings=\"{&quot;background_background&quot;:&quot;classic&quot;}\">\n\t\t\t<div class=\"elementor-widget-wrap elementor-element-populated\">\n\t\t\t\t\t\t<div class=\"elementor-element elementor-element-322789a elementor-widget elementor-widget-heading\" data-id=\"322789a\" data-element_type=\"widget\" data-widget_type=\"heading.default\">\n\t\t\t\t<div class=\"elementor-widget-container\">\n\t\t\t\t\t<h4 class=\"elementor-heading-title elementor-size-default\">Navegaci\u00f3n<\/h4>\t\t\t\t<\/div>\n\t\t\t\t<\/div>\n\t\t\t\t<div class=\"elementor-element elementor-element-c995ccd elementor-nav-menu__text-align-center elementor-nav-menu--dropdown-tablet elementor-nav-menu--toggle elementor-nav-menu--burger elementor-widget elementor-widget-nav-menu\" data-id=\"c995ccd\" data-element_type=\"widget\" data-settings=\"{&quot;layout&quot;:&quot;vertical&quot;,&quot;submenu_icon&quot;:{&quot;value&quot;:&quot;&lt;i class=\\&quot;fas fa-caret-down\\&quot;&gt;&lt;\\\/i&gt;&quot;,&quot;library&quot;:&quot;fa-solid&quot;},&quot;toggle&quot;:&quot;burger&quot;}\" data-widget_type=\"nav-menu.default\">\n\t\t\t\t<div class=\"elementor-widget-container\">\n\t\t\t\t\t\t\t\t<nav aria-label=\"Menu\" class=\"elementor-nav-menu--main elementor-nav-menu__container elementor-nav-menu--layout-vertical e--pointer-none\">\n\t\t\t\t<ul id=\"menu-1-c995ccd\" class=\"elementor-nav-menu sm-vertical\"><li class=\"menu-item menu-item-type-post_type menu-item-object-page menu-item-home menu-item-43 sydney-dropdown-li\"><a href=\"https:\/\/test.carlosleiro.com\/\" class=\"sydney-dropdown-link elementor-item\">Inicio<\/a><\/li>\n<li class=\"menu-item menu-item-type-post_type menu-item-object-page menu-item-458 sydney-dropdown-li\"><a href=\"https:\/\/test.carlosleiro.com\/index.php\/salud-mental\/\" class=\"sydney-dropdown-link elementor-item\">Salud Mental<\/a><\/li>\n<li class=\"menu-item menu-item-type-post_type menu-item-object-page menu-item-45 sydney-dropdown-li\"><a href=\"https:\/\/test.carlosleiro.com\/index.php\/reaccionar-o-responder\/\" class=\"sydney-dropdown-link elementor-item\">Reaccionar o Responder<\/a><\/li>\n<li class=\"menu-item menu-item-type-post_type menu-item-object-page menu-item-48 sydney-dropdown-li\"><a href=\"https:\/\/test.carlosleiro.com\/index.php\/negocios-familiares\/\" class=\"sydney-dropdown-link elementor-item\">Negocios Familiares<\/a><\/li>\n<li class=\"menu-item menu-item-type-post_type menu-item-object-page menu-item-46 sydney-dropdown-li\"><a href=\"https:\/\/test.carlosleiro.com\/index.php\/leiro-assessments\/\" class=\"sydney-dropdown-link elementor-item\">Leiro Assessments<\/a><\/li>\n<li class=\"menu-item menu-item-type-post_type menu-item-object-page menu-item-703 sydney-dropdown-li\"><a href=\"https:\/\/test.carlosleiro.com\/index.php\/articulos\/\" class=\"sydney-dropdown-link elementor-item\">Art\u00edculos<\/a><\/li>\n<\/ul>\t\t\t<\/nav>\n\t\t\t\t\t<div class=\"elementor-menu-toggle\" role=\"button\" tabindex=\"0\" aria-label=\"Menu Toggle\" aria-expanded=\"false\">\n\t\t\t<i aria-hidden=\"true\" role=\"presentation\" class=\"elementor-menu-toggle__icon--open eicon-menu-bar\"><\/i><i aria-hidden=\"true\" role=\"presentation\" class=\"elementor-menu-toggle__icon--close eicon-close\"><\/i>\t\t<\/div>\n\t\t\t\t\t<nav class=\"elementor-nav-menu--dropdown elementor-nav-menu__container\" aria-hidden=\"true\">\n\t\t\t\t<ul id=\"menu-2-c995ccd\" class=\"elementor-nav-menu sm-vertical\"><li class=\"menu-item menu-item-type-post_type menu-item-object-page menu-item-home menu-item-43 sydney-dropdown-li\"><a href=\"https:\/\/test.carlosleiro.com\/\" class=\"sydney-dropdown-link elementor-item\" tabindex=\"-1\">Inicio<\/a><\/li>\n<li class=\"menu-item menu-item-type-post_type menu-item-object-page menu-item-458 sydney-dropdown-li\"><a href=\"https:\/\/test.carlosleiro.com\/index.php\/salud-mental\/\" class=\"sydney-dropdown-link elementor-item\" tabindex=\"-1\">Salud Mental<\/a><\/li>\n<li class=\"menu-item menu-item-type-post_type menu-item-object-page menu-item-45 sydney-dropdown-li\"><a href=\"https:\/\/test.carlosleiro.com\/index.php\/reaccionar-o-responder\/\" class=\"sydney-dropdown-link elementor-item\" tabindex=\"-1\">Reaccionar o Responder<\/a><\/li>\n<li class=\"menu-item menu-item-type-post_type menu-item-object-page menu-item-48 sydney-dropdown-li\"><a href=\"https:\/\/test.carlosleiro.com\/index.php\/negocios-familiares\/\" class=\"sydney-dropdown-link elementor-item\" tabindex=\"-1\">Negocios Familiares<\/a><\/li>\n<li class=\"menu-item menu-item-type-post_type menu-item-object-page menu-item-46 sydney-dropdown-li\"><a href=\"https:\/\/test.carlosleiro.com\/index.php\/leiro-assessments\/\" class=\"sydney-dropdown-link elementor-item\" tabindex=\"-1\">Leiro Assessments<\/a><\/li>\n<li class=\"menu-item menu-item-type-post_type menu-item-object-page menu-item-703 sydney-dropdown-li\"><a href=\"https:\/\/test.carlosleiro.com\/index.php\/articulos\/\" class=\"sydney-dropdown-link elementor-item\" tabindex=\"-1\">Art\u00edculos<\/a><\/li>\n<\/ul>\t\t\t<\/nav>\n\t\t\t\t\t\t<\/div>\n\t\t\t\t<\/div>\n\t\t\t\t\t<\/div>\n\t\t<\/div>\n\t\t\t\t<div class=\"elementor-column elementor-col-33 elementor-top-column elementor-element elementor-element-e36b5c3\" data-id=\"e36b5c3\" data-element_type=\"column\" data-settings=\"{&quot;background_background&quot;:&quot;classic&quot;}\">\n\t\t\t<div class=\"elementor-widget-wrap elementor-element-populated\">\n\t\t\t\t\t\t<div class=\"elementor-element elementor-element-2d99aa0 elementor-widget elementor-widget-heading\" data-id=\"2d99aa0\" data-element_type=\"widget\" data-widget_type=\"heading.default\">\n\t\t\t\t<div class=\"elementor-widget-container\">\n\t\t\t\t\t<h4 class=\"elementor-heading-title elementor-size-default\">Info<\/h4>\t\t\t\t<\/div>\n\t\t\t\t<\/div>\n\t\t\t\t<div class=\"elementor-element elementor-element-e11d3c5 elementor-widget elementor-widget-text-editor\" data-id=\"e11d3c5\" data-element_type=\"widget\" data-widget_type=\"text-editor.default\">\n\t\t\t\t<div class=\"elementor-widget-container\">\n\t\t\t\t\t\t\t\t\t<ul><li><span style=\"color: #ffffff;\"><a style=\"color: #ffffff;\" href=\"https:\/\/test.carlosleiro.com\/index.php\/contacto\/\">Cont\u00e1cto<\/a><\/span><\/li><li><span style=\"color: #ffffff;\"><a style=\"color: #ffffff;\" href=\"https:\/\/a.co\/d\/7wS2ixe\">Comprar Libro<\/a><\/span><\/li><\/ul>\t\t\t\t\t\t\t\t<\/div>\n\t\t\t\t<\/div>\n\t\t\t\t\t<\/div>\n\t\t<\/div>\n\t\t\t\t\t<\/div>\n\t\t<\/footer>\n\t\t\t\t<\/div>\n\t\t","protected":false},"excerpt":{"rendered":"<p>Cont\u00e1cto Consultor\u00eda de Negocios Familiares Desde hace m\u00e1s de 20 a\u00f1os trabajo con diversos GRUPOS EMPRESARIALES FAMILIARES de Panam\u00e1 y Centro Am\u00e9rica, [&hellip;]<\/p>\n","protected":false},"author":2,"featured_media":0,"parent":0,"menu_order":0,"comment_status":"closed","ping_status":"closed","template":"elementor_canvas","meta":{"footnotes":""},"class_list":["post-34","page","type-page","status-publish","hentry"],"_links":{"self":[{"href":"https:\/\/test.carlosleiro.com\/index.php\/wp-json\/wp\/v2\/pages\/34","targetHints":{"allow":["GET"]}}],"collection":[{"href":"https:\/\/test.carlosleiro.com\/index.php\/wp-json\/wp\/v2\/pages"}],"about":[{"href":"https:\/\/test.carlosleiro.com\/index.php\/wp-json\/wp\/v2\/types\/page"}],"author":[{"embeddable":true,"href":"https:\/\/test.carlosleiro.com\/index.php\/wp-json\/wp\/v2\/users\/2"}],"replies":[{"embeddable":true,"href":"https:\/\/test.carlosleiro.com\/index.php\/wp-json\/wp\/v2\/comments?post=34"}],"version-history":[{"count":52,"href":"https:\/\/test.carlosleiro.com\/index.php\/wp-json\/wp\/v2\/pages\/34\/revisions"}],"predecessor-version":[{"id":819,"href":"https:\/\/test.carlosleiro.com\/index.php\/wp-json\/wp\/v2\/pages\/34\/revisions\/819"}],"wp:attachment":[{"href":"https:\/\/test.carlosleiro.com\/index.php\/wp-json\/wp\/v2\/media?parent=34"}],"curies":[{"name":"wp","href":"https:\/\/api.w.org\/{rel}","templated":true}]}}